{"id":85,"date":"2023-09-08T13:38:58","date_gmt":"2023-09-08T13:38:58","guid":{"rendered":"http:\/\/schreibers.dk\/?page_id=85"},"modified":"2026-02-25T12:48:20","modified_gmt":"2026-02-25T11:48:20","slug":"messestand","status":"publish","type":"page","link":"https:\/\/www.schreibers.dk\/en\/displays\/messestand\/","title":{"rendered":"Trade fair setup"},"content":{"rendered":"\t\t<div data-elementor-type=\"wp-page\" data-elementor-id=\"85\" class=\"elementor elementor-85\" data-elementor-post-type=\"page\">\n\t\t\t\t<div class=\"elementor-element elementor-element-cc59acb e-flex e-con-boxed e-con e-parent\" data-id=\"cc59acb\" data-element_type=\"container\" data-e-type=\"container\" data-settings=\"{&quot;background_background&quot;:&quot;classic&quot;}\">\n\t\t\t\t\t<div class=\"e-con-inner\">\n\t\t\t\t<div class=\"elementor-element elementor-element-d02ed9e elementor-widget elementor-widget-heading\" data-id=\"d02ed9e\" data-element_type=\"widget\" data-e-type=\"widget\" data-widget_type=\"heading.default\">\n\t\t\t\t<div class=\"elementor-widget-container\">\n\t\t\t\t\t<h1 class=\"elementor-heading-title elementor-size-default\">Messestande i tr\u00e6 \u2013 fleksible l\u00f8sninger med displays og branding<\/h1>\t\t\t\t<\/div>\n\t\t\t\t<\/div>\n\t\t\t\t\t<\/div>\n\t\t\t\t<\/div>\n\t\t<div class=\"elementor-element elementor-element-0006186 e-grid e-con-boxed e-con e-parent\" data-id=\"0006186\" data-element_type=\"container\" data-e-type=\"container\">\n\t\t\t\t\t<div class=\"e-con-inner\">\n\t\t<div class=\"elementor-element elementor-element-50b10d6 e-flex e-con-boxed e-con e-child\" data-id=\"50b10d6\" data-element_type=\"container\" data-e-type=\"container\" data-settings=\"{&quot;background_background&quot;:&quot;classic&quot;}\">\n\t\t\t\t\t<div class=\"e-con-inner\">\n\t\t\t\t<div class=\"elementor-element elementor-element-a472f3e elementor-widget elementor-widget-text-editor\" data-id=\"a472f3e\" data-element_type=\"widget\" data-e-type=\"widget\" data-widget_type=\"text-editor.default\">\n\t\t\t\t<div class=\"elementor-widget-container\">\n\t\t\t\t\t\t\t\t\t<h3 data-start=\"193\" data-end=\"267\"><strong data-start=\"197\" data-end=\"267\">Messestande i tr\u00e6 \u2013 b\u00e6redygtige l\u00f8sninger med displays og branding<\/strong><\/h3><p data-start=\"269\" data-end=\"524\">Flere og flere af vores kunder eftersp\u00f8rger en <strong data-start=\"316\" data-end=\"341\">b\u00e6redygtig messestand<\/strong>, der b\u00e5de pr\u00e6senterer deres brand professionelt og skiller sig ud fra m\u00e6ngden. Derfor tilbyder vi nu <strong data-start=\"443\" data-end=\"481\">specialdesignede messestande i tr\u00e6<\/strong>, tilpasset netop jeres behov og produkter.<\/p><h4 data-start=\"526\" data-end=\"553\">\u2705 Vi kan bl.a. levere:<\/h4><ul data-start=\"554\" data-end=\"846\"><li data-start=\"554\" data-end=\"595\"><p data-start=\"556\" data-end=\"595\"><strong data-start=\"556\" data-end=\"574\">Borde og stole<\/strong> i matchende udtryk<\/p><\/li><li data-start=\"596\" data-end=\"645\"><p data-start=\"598\" data-end=\"645\"><strong data-start=\"598\" data-end=\"643\">Udskiftelige v\u00e6gdisplays og hyldesystemer<\/strong><\/p><\/li><li data-start=\"646\" data-end=\"716\"><p data-start=\"648\" data-end=\"716\"><strong data-start=\"648\" data-end=\"678\">Store speciallavede reoler<\/strong> (f.eks. til vin, d\u00e5ser, b\u00f8tter mv.)<\/p><\/li><li data-start=\"717\" data-end=\"782\"><p data-start=\"719\" data-end=\"782\"><strong data-start=\"719\" data-end=\"744\">Komplette messestande<\/strong> med displays, bannere og opdelinger<\/p><\/li><li data-start=\"783\" data-end=\"846\"><p data-start=\"785\" data-end=\"846\"><strong data-start=\"785\" data-end=\"808\">LED-lys og branding<\/strong> integreret direkte i standelementerne<\/p><\/li><\/ul><p data-start=\"848\" data-end=\"974\">Alle l\u00f8sninger er <strong data-start=\"866\" data-end=\"884\">modulopbyggede<\/strong>, <strong data-start=\"886\" data-end=\"910\">produceret i Danmark<\/strong> og designet til at holde i mange \u00e5r \u2013 b\u00e5de praktisk og visuelt.<\/p><p data-start=\"976\" data-end=\"1005\">\u00d8nsker du en messestand, der:<\/p><ul data-start=\"1006\" data-end=\"1181\"><li data-start=\"1006\" data-end=\"1037\"><p data-start=\"1008\" data-end=\"1037\">Er nem at samle og genbruge<\/p><\/li><li data-start=\"1038\" data-end=\"1078\"><p data-start=\"1040\" data-end=\"1078\">Pr\u00e6senterer dit brand med tydelighed<\/p><\/li><li data-start=\"1079\" data-end=\"1181\"><p data-start=\"1081\" data-end=\"1181\">Giver blikfang og signalerer kvalitet<br data-start=\"1118\" data-end=\"1121\" \/>\u2013 s\u00e5 er <strong data-start=\"1129\" data-end=\"1157\">en tr\u00e6baseret messestand<\/strong> m\u00e5ske det rigtige valg.<\/p><\/li><\/ul><p data-start=\"1183\" data-end=\"1330\"><strong data-start=\"1183\" data-end=\"1197\">Kontakt os<\/strong> i dag for at h\u00f8re mere om jeres muligheder \u2013 vi hj\u00e6lper gerne med at forme den l\u00f8sning, der passer til netop jeres udtryk og form\u00e5l.<\/p>\t\t\t\t\t\t\t\t<\/div>\n\t\t\t\t<\/div>\n\t\t\t\t<div class=\"elementor-element elementor-element-83c65ce elementor-align-left elementor-widget elementor-widget-button\" data-id=\"83c65ce\" data-element_type=\"widget\" data-e-type=\"widget\" data-widget_type=\"button.default\">\n\t\t\t\t<div class=\"elementor-widget-container\">\n\t\t\t\t\t\t\t\t\t<div class=\"elementor-button-wrapper\">\n\t\t\t\t\t<a class=\"elementor-button elementor-button-link elementor-size-md\" href=\"https:\/\/www.schreibers.dk\/en\/kontakt\/\">\n\t\t\t\t\t\t<span class=\"elementor-button-content-wrapper\">\n\t\t\t\t\t\t<span class=\"elementor-button-icon\">\n\t\t\t\t<i aria-hidden=\"true\" class=\"fas fa-chevron-right\"><\/i>\t\t\t<\/span>\n\t\t\t\t\t\t\t\t\t<span class=\"elementor-button-text\">Kontakt os<\/span>\n\t\t\t\t\t<\/span>\n\t\t\t\t\t<\/a>\n\t\t\t\t<\/div>\n\t\t\t\t\t\t\t\t<\/div>\n\t\t\t\t<\/div>\n\t\t\t\t\t<\/div>\n\t\t\t\t<\/div>\n\t\t<div class=\"elementor-element elementor-element-715f1ea e-con-full e-flex e-con e-child\" data-id=\"715f1ea\" data-element_type=\"container\" data-e-type=\"container\" data-settings=\"{&quot;background_background&quot;:&quot;classic&quot;}\">\n\t\t\t\t<div class=\"elementor-element elementor-element-cb83667 elementor-widget elementor-widget-spacer\" data-id=\"cb83667\" data-element_type=\"widget\" data-e-type=\"widget\" data-widget_type=\"spacer.default\">\n\t\t\t\t<div class=\"elementor-widget-container\">\n\t\t\t\t\t\t\t<div class=\"elementor-spacer\">\n\t\t\t<div class=\"elementor-spacer-inner\"><\/div>\n\t\t<\/div>\n\t\t\t\t\t\t<\/div>\n\t\t\t\t<\/div>\n\t\t\t\t<\/div>\n\t\t\t\t\t<\/div>\n\t\t\t\t<\/div>\n\t\t<div class=\"elementor-element elementor-element-b6d157c e-flex e-con-boxed e-con e-parent\" data-id=\"b6d157c\" data-element_type=\"container\" data-e-type=\"container\">\n\t\t\t\t\t<div class=\"e-con-inner\">\n\t\t\t\t<div class=\"elementor-element elementor-element-4e828cd elementor-widget elementor-widget-heading\" data-id=\"4e828cd\" data-element_type=\"widget\" data-e-type=\"widget\" data-widget_type=\"heading.default\">\n\t\t\t\t<div class=\"elementor-widget-container\">\n\t\t\t\t\t<h2 class=\"elementor-heading-title elementor-size-default\">Galleri<\/h2>\t\t\t\t<\/div>\n\t\t\t\t<\/div>\n\t\t\t\t<div class=\"elementor-element elementor-element-4fa41d8 elementor-widget elementor-widget-spacer\" data-id=\"4fa41d8\" data-element_type=\"widget\" data-e-type=\"widget\" data-widget_type=\"spacer.default\">\n\t\t\t\t<div class=\"elementor-widget-container\">\n\t\t\t\t\t\t\t<div class=\"elementor-spacer\">\n\t\t\t<div class=\"elementor-spacer-inner\"><\/div>\n\t\t<\/div>\n\t\t\t\t\t\t<\/div>\n\t\t\t\t<\/div>\n\t\t\t\t\t<\/div>\n\t\t\t\t<\/div>\n\t\t<div class=\"elementor-element elementor-element-4923085 e-grid e-con-boxed e-con e-parent\" data-id=\"4923085\" data-element_type=\"container\" data-e-type=\"container\">\n\t\t\t\t\t<div class=\"e-con-inner\">\n\t\t<div class=\"elementor-element elementor-element-45b5e50 e-flex e-con-boxed e-con e-child\" data-id=\"45b5e50\" data-element_type=\"container\" data-e-type=\"container\" data-settings=\"{&quot;background_background&quot;:&quot;slideshow&quot;,&quot;background_slideshow_gallery&quot;:[{&quot;id&quot;:2512,&quot;url&quot;:&quot;https:\\\/\\\/www.schreibers.dk\\\/wp-content\\\/uploads\\\/2024\\\/05\\\/20231208_120257-scaled.jpg&quot;},{&quot;id&quot;:2514,&quot;url&quot;:&quot;https:\\\/\\\/www.schreibers.dk\\\/wp-content\\\/uploads\\\/2024\\\/05\\\/20231208_120621-scaled.jpg&quot;},{&quot;id&quot;:2513,&quot;url&quot;:&quot;https:\\\/\\\/www.schreibers.dk\\\/wp-content\\\/uploads\\\/2024\\\/05\\\/20231208_120314-scaled.jpg&quot;}],&quot;background_slideshow_loop&quot;:&quot;yes&quot;,&quot;background_slideshow_slide_duration&quot;:5000,&quot;background_slideshow_slide_transition&quot;:&quot;fade&quot;,&quot;background_slideshow_transition_duration&quot;:500}\">\n\t\t\t\t\t<div class=\"e-con-inner\">\n\t\t\t\t\t<\/div>\n\t\t\t\t<\/div>\n\t\t<div class=\"elementor-element elementor-element-d65b5ff e-flex e-con-boxed e-con e-child\" data-id=\"d65b5ff\" data-element_type=\"container\" data-e-type=\"container\" data-settings=\"{&quot;background_background&quot;:&quot;slideshow&quot;,&quot;background_slideshow_gallery&quot;:[{&quot;id&quot;:2518,&quot;url&quot;:&quot;https:\\\/\\\/www.schreibers.dk\\\/wp-content\\\/uploads\\\/2024\\\/05\\\/20240318_120746-scaled.jpg&quot;},{&quot;id&quot;:2516,&quot;url&quot;:&quot;https:\\\/\\\/www.schreibers.dk\\\/wp-content\\\/uploads\\\/2024\\\/05\\\/20240318_120735-scaled.jpg&quot;},{&quot;id&quot;:2517,&quot;url&quot;:&quot;https:\\\/\\\/www.schreibers.dk\\\/wp-content\\\/uploads\\\/2024\\\/05\\\/20240318_120741-scaled.jpg&quot;},{&quot;id&quot;:2519,&quot;url&quot;:&quot;https:\\\/\\\/www.schreibers.dk\\\/wp-content\\\/uploads\\\/2024\\\/05\\\/20240318_120752-scaled.jpg&quot;},{&quot;id&quot;:2520,&quot;url&quot;:&quot;https:\\\/\\\/www.schreibers.dk\\\/wp-content\\\/uploads\\\/2024\\\/05\\\/20240318_120801-scaled.jpg&quot;},{&quot;id&quot;:2521,&quot;url&quot;:&quot;https:\\\/\\\/www.schreibers.dk\\\/wp-content\\\/uploads\\\/2024\\\/05\\\/20240318_120809-scaled.jpg&quot;}],&quot;background_slideshow_loop&quot;:&quot;yes&quot;,&quot;background_slideshow_slide_duration&quot;:5000,&quot;background_slideshow_slide_transition&quot;:&quot;fade&quot;,&quot;background_slideshow_transition_duration&quot;:500}\">\n\t\t\t\t\t<div class=\"e-con-inner\">\n\t\t\t\t\t<\/div>\n\t\t\t\t<\/div>\n\t\t<div class=\"elementor-element elementor-element-68b5563 e-flex e-con-boxed e-con e-child\" data-id=\"68b5563\" data-element_type=\"container\" data-e-type=\"container\" data-settings=\"{&quot;background_background&quot;:&quot;slideshow&quot;,&quot;background_slideshow_gallery&quot;:[{&quot;id&quot;:2528,&quot;url&quot;:&quot;https:\\\/\\\/www.schreibers.dk\\\/wp-content\\\/uploads\\\/2024\\\/05\\\/bs1.jpg&quot;},{&quot;id&quot;:2527,&quot;url&quot;:&quot;https:\\\/\\\/www.schreibers.dk\\\/wp-content\\\/uploads\\\/2024\\\/05\\\/bs3.jpg&quot;},{&quot;id&quot;:2526,&quot;url&quot;:&quot;https:\\\/\\\/www.schreibers.dk\\\/wp-content\\\/uploads\\\/2024\\\/05\\\/bs2.jpg&quot;}],&quot;background_slideshow_loop&quot;:&quot;yes&quot;,&quot;background_slideshow_slide_duration&quot;:5000,&quot;background_slideshow_slide_transition&quot;:&quot;fade&quot;,&quot;background_slideshow_transition_duration&quot;:500}\">\n\t\t\t\t\t<div class=\"e-con-inner\">\n\t\t\t\t\t<\/div>\n\t\t\t\t<\/div>\n\t\t<div class=\"elementor-element elementor-element-91d6c4f e-flex e-con-boxed e-con e-child\" data-id=\"91d6c4f\" data-element_type=\"container\" data-e-type=\"container\" data-settings=\"{&quot;background_background&quot;:&quot;slideshow&quot;,&quot;background_slideshow_gallery&quot;:[{&quot;id&quot;:2534,&quot;url&quot;:&quot;https:\\\/\\\/www.schreibers.dk\\\/wp-content\\\/uploads\\\/2024\\\/05\\\/Fritlagt-arlahus-kopier-min-scaled.jpg&quot;},{&quot;id&quot;:2538,&quot;url&quot;:&quot;https:\\\/\\\/www.schreibers.dk\\\/wp-content\\\/uploads\\\/2024\\\/05\\\/Fritlagt-arlahus-kopier2-scaled.jpg&quot;}],&quot;background_slideshow_loop&quot;:&quot;yes&quot;,&quot;background_slideshow_slide_duration&quot;:5000,&quot;background_slideshow_slide_transition&quot;:&quot;fade&quot;,&quot;background_slideshow_transition_duration&quot;:500}\">\n\t\t\t\t\t<div class=\"e-con-inner\">\n\t\t\t\t\t<\/div>\n\t\t\t\t<\/div>\n\t\t<div class=\"elementor-element elementor-element-dcf6587 e-flex e-con-boxed e-con e-child\" data-id=\"dcf6587\" data-element_type=\"container\" data-e-type=\"container\" data-settings=\"{&quot;background_background&quot;:&quot;slideshow&quot;,&quot;background_slideshow_gallery&quot;:[{&quot;id&quot;:3309,&quot;url&quot;:&quot;https:\\\/\\\/www.schreibers.dk\\\/wp-content\\\/uploads\\\/2026\\\/02\\\/ChatGPT-Image-25.-feb.-2026-12.31.50.png&quot;},{&quot;id&quot;:3310,&quot;url&quot;:&quot;https:\\\/\\\/www.schreibers.dk\\\/wp-content\\\/uploads\\\/2026\\\/02\\\/ChatGPT-Image-25.-feb.-2026-12.33.36.png&quot;},{&quot;id&quot;:3311,&quot;url&quot;:&quot;https:\\\/\\\/www.schreibers.dk\\\/wp-content\\\/uploads\\\/2026\\\/02\\\/ChatGPT-Image-25.-feb.-2026-12.34.29.png&quot;},{&quot;id&quot;:3312,&quot;url&quot;:&quot;https:\\\/\\\/www.schreibers.dk\\\/wp-content\\\/uploads\\\/2026\\\/02\\\/ChatGPT-Image-25.-feb.-2026-12.35.26.png&quot;}],&quot;background_slideshow_loop&quot;:&quot;yes&quot;,&quot;background_slideshow_slide_duration&quot;:5000,&quot;background_slideshow_slide_transition&quot;:&quot;fade&quot;,&quot;background_slideshow_transition_duration&quot;:500}\">\n\t\t\t\t\t<div class=\"e-con-inner\">\n\t\t\t\t\t<\/div>\n\t\t\t\t<\/div>\n\t\t<div class=\"elementor-element elementor-element-4c69ea6 e-con-full e-flex e-con e-child\" data-id=\"4c69ea6\" data-element_type=\"container\" data-e-type=\"container\" data-settings=\"{&quot;background_background&quot;:&quot;slideshow&quot;,&quot;background_slideshow_gallery&quot;:[{&quot;id&quot;:3313,&quot;url&quot;:&quot;https:\\\/\\\/www.schreibers.dk\\\/wp-content\\\/uploads\\\/2026\\\/02\\\/ChatGPT-Image-25.-feb.-2026-12.42.14.png&quot;},{&quot;id&quot;:3314,&quot;url&quot;:&quot;https:\\\/\\\/www.schreibers.dk\\\/wp-content\\\/uploads\\\/2026\\\/02\\\/ChatGPT-Image-25.-feb.-2026-12.43.09.png&quot;},{&quot;id&quot;:3315,&quot;url&quot;:&quot;https:\\\/\\\/www.schreibers.dk\\\/wp-content\\\/uploads\\\/2026\\\/02\\\/ChatGPT-Image-25.-feb.-2026-12.43.57.png&quot;},{&quot;id&quot;:3316,&quot;url&quot;:&quot;https:\\\/\\\/www.schreibers.dk\\\/wp-content\\\/uploads\\\/2026\\\/02\\\/ChatGPT-Image-25.-feb.-2026-12.47.43.png&quot;}],&quot;background_slideshow_loop&quot;:&quot;yes&quot;,&quot;background_slideshow_slide_duration&quot;:5000,&quot;background_slideshow_slide_transition&quot;:&quot;fade&quot;,&quot;background_slideshow_transition_duration&quot;:500}\">\n\t\t\t\t<\/div>\n\t\t\t\t\t<\/div>\n\t\t\t\t<\/div>\n\t\t\t\t<\/div>\n\t\t","protected":false},"excerpt":{"rendered":"<p>Messestande i tr\u00e6 \u2013 fleksible l\u00f8sninger med displays og branding Messestande i tr\u00e6 \u2013 b\u00e6redygtige l\u00f8sninger med displays og branding Flere og flere af vores kunder eftersp\u00f8rger en b\u00e6redygtig messestand, der b\u00e5de pr\u00e6senterer deres brand professionelt og skiller sig ud fra m\u00e6ngden. Derfor tilbyder vi nu specialdesignede messestande i tr\u00e6, tilpasset netop jeres behov og [&hellip;]<\/p>\n","protected":false},"author":4,"featured_media":0,"parent":59,"menu_order":0,"comment_status":"closed","ping_status":"closed","template":"","meta":{"footnotes":""},"class_list":["post-85","page","type-page","status-publish","hentry"],"yoast_head":"<!-- This site is optimized with the Yoast SEO plugin v27.2 - https:\/\/yoast.com\/product\/yoast-seo-wordpress\/ -->\n<title>Messestand - Schreibers<\/title>\n<meta name=\"robots\" content=\"index, follow, max-snippet:-1, max-image-preview:large, max-video-preview:-1\" \/>\n<link rel=\"canonical\" href=\"https:\/\/www.schreibers.dk\/en\/displays\/messestand\/\" \/>\n<meta property=\"og:locale\" content=\"en_GB\" \/>\n<meta property=\"og:type\" content=\"article\" \/>\n<meta property=\"og:title\" content=\"Messestand - Schreibers\" \/>\n<meta property=\"og:description\" content=\"Messestande i tr\u00e6 \u2013 fleksible l\u00f8sninger med displays og branding Messestande i tr\u00e6 \u2013 b\u00e6redygtige l\u00f8sninger med displays og branding Flere og flere af vores kunder eftersp\u00f8rger en b\u00e6redygtig messestand, der b\u00e5de pr\u00e6senterer deres brand professionelt og skiller sig ud fra m\u00e6ngden. Derfor tilbyder vi nu specialdesignede messestande i tr\u00e6, tilpasset netop jeres behov og [&hellip;]\" \/>\n<meta property=\"og:url\" content=\"https:\/\/www.schreibers.dk\/en\/displays\/messestand\/\" \/>\n<meta property=\"og:site_name\" content=\"Schreibers\" \/>\n<meta property=\"article:modified_time\" content=\"2026-02-25T11:48:20+00:00\" \/>\n<meta name=\"twitter:card\" content=\"summary_large_image\" \/>\n<meta name=\"twitter:label1\" content=\"Estimated reading time\" \/>\n\t<meta name=\"twitter:data1\" content=\"2 minutes\" \/>\n<script type=\"application\/ld+json\" class=\"yoast-schema-graph\">{\"@context\":\"https:\/\/schema.org\",\"@graph\":[{\"@type\":\"WebPage\",\"@id\":\"https:\/\/www.schreibers.dk\/displays\/messestand\/\",\"url\":\"https:\/\/www.schreibers.dk\/displays\/messestand\/\",\"name\":\"Messestand - Schreibers\",\"isPartOf\":{\"@id\":\"https:\/\/www.schreibers.dk\/#website\"},\"datePublished\":\"2023-09-08T13:38:58+00:00\",\"dateModified\":\"2026-02-25T11:48:20+00:00\",\"breadcrumb\":{\"@id\":\"https:\/\/www.schreibers.dk\/displays\/messestand\/#breadcrumb\"},\"inLanguage\":\"en-GB\",\"potentialAction\":[{\"@type\":\"ReadAction\",\"target\":[\"https:\/\/www.schreibers.dk\/displays\/messestand\/\"]}]},{\"@type\":\"BreadcrumbList\",\"@id\":\"https:\/\/www.schreibers.dk\/displays\/messestand\/#breadcrumb\",\"itemListElement\":[{\"@type\":\"ListItem\",\"position\":1,\"name\":\"Hjem\",\"item\":\"https:\/\/www.schreibers.dk\/\"},{\"@type\":\"ListItem\",\"position\":2,\"name\":\"Displays\",\"item\":\"https:\/\/www.schreibers.dk\/displays\/\"},{\"@type\":\"ListItem\",\"position\":3,\"name\":\"Messestand\"}]},{\"@type\":\"WebSite\",\"@id\":\"https:\/\/www.schreibers.dk\/#website\",\"url\":\"https:\/\/www.schreibers.dk\/\",\"name\":\"Schreibers\",\"description\":\"\",\"publisher\":{\"@id\":\"https:\/\/www.schreibers.dk\/#organization\"},\"potentialAction\":[{\"@type\":\"SearchAction\",\"target\":{\"@type\":\"EntryPoint\",\"urlTemplate\":\"https:\/\/www.schreibers.dk\/?s={search_term_string}\"},\"query-input\":{\"@type\":\"PropertyValueSpecification\",\"valueRequired\":true,\"valueName\":\"search_term_string\"}}],\"inLanguage\":\"en-GB\"},{\"@type\":\"Organization\",\"@id\":\"https:\/\/www.schreibers.dk\/#organization\",\"name\":\"Schreibers\",\"url\":\"https:\/\/www.schreibers.dk\/\",\"logo\":{\"@type\":\"ImageObject\",\"inLanguage\":\"en-GB\",\"@id\":\"https:\/\/www.schreibers.dk\/#\/schema\/logo\/image\/\",\"url\":\"https:\/\/www.schreibers.dk\/wp-content\/uploads\/2023\/09\/Logo-Blue-1.png\",\"contentUrl\":\"https:\/\/www.schreibers.dk\/wp-content\/uploads\/2023\/09\/Logo-Blue-1.png\",\"width\":1005,\"height\":841,\"caption\":\"Schreibers\"},\"image\":{\"@id\":\"https:\/\/www.schreibers.dk\/#\/schema\/logo\/image\/\"}}]}<\/script>\n<!-- \/ Yoast SEO plugin. -->","yoast_head_json":{"title":"Messestand - Schreibers","robots":{"index":"index","follow":"follow","max-snippet":"max-snippet:-1","max-image-preview":"max-image-preview:large","max-video-preview":"max-video-preview:-1"},"canonical":"https:\/\/www.schreibers.dk\/en\/displays\/messestand\/","og_locale":"en_GB","og_type":"article","og_title":"Messestand - Schreibers","og_description":"Messestande i tr\u00e6 \u2013 fleksible l\u00f8sninger med displays og branding Messestande i tr\u00e6 \u2013 b\u00e6redygtige l\u00f8sninger med displays og branding Flere og flere af vores kunder eftersp\u00f8rger en b\u00e6redygtig messestand, der b\u00e5de pr\u00e6senterer deres brand professionelt og skiller sig ud fra m\u00e6ngden. Derfor tilbyder vi nu specialdesignede messestande i tr\u00e6, tilpasset netop jeres behov og [&hellip;]","og_url":"https:\/\/www.schreibers.dk\/en\/displays\/messestand\/","og_site_name":"Schreibers","article_modified_time":"2026-02-25T11:48:20+00:00","twitter_card":"summary_large_image","twitter_misc":{"Estimated reading time":"2 minutes"},"schema":{"@context":"https:\/\/schema.org","@graph":[{"@type":"WebPage","@id":"https:\/\/www.schreibers.dk\/displays\/messestand\/","url":"https:\/\/www.schreibers.dk\/displays\/messestand\/","name":"Messestand - Schreibers","isPartOf":{"@id":"https:\/\/www.schreibers.dk\/#website"},"datePublished":"2023-09-08T13:38:58+00:00","dateModified":"2026-02-25T11:48:20+00:00","breadcrumb":{"@id":"https:\/\/www.schreibers.dk\/displays\/messestand\/#breadcrumb"},"inLanguage":"en-GB","potentialAction":[{"@type":"ReadAction","target":["https:\/\/www.schreibers.dk\/displays\/messestand\/"]}]},{"@type":"BreadcrumbList","@id":"https:\/\/www.schreibers.dk\/displays\/messestand\/#breadcrumb","itemListElement":[{"@type":"ListItem","position":1,"name":"Hjem","item":"https:\/\/www.schreibers.dk\/"},{"@type":"ListItem","position":2,"name":"Displays","item":"https:\/\/www.schreibers.dk\/displays\/"},{"@type":"ListItem","position":3,"name":"Messestand"}]},{"@type":"WebSite","@id":"https:\/\/www.schreibers.dk\/#website","url":"https:\/\/www.schreibers.dk\/","name":"Schreibers","description":"","publisher":{"@id":"https:\/\/www.schreibers.dk\/#organization"},"potentialAction":[{"@type":"SearchAction","target":{"@type":"EntryPoint","urlTemplate":"https:\/\/www.schreibers.dk\/?s={search_term_string}"},"query-input":{"@type":"PropertyValueSpecification","valueRequired":true,"valueName":"search_term_string"}}],"inLanguage":"en-GB"},{"@type":"Organization","@id":"https:\/\/www.schreibers.dk\/#organization","name":"Schreibers","url":"https:\/\/www.schreibers.dk\/","logo":{"@type":"ImageObject","inLanguage":"en-GB","@id":"https:\/\/www.schreibers.dk\/#\/schema\/logo\/image\/","url":"https:\/\/www.schreibers.dk\/wp-content\/uploads\/2023\/09\/Logo-Blue-1.png","contentUrl":"https:\/\/www.schreibers.dk\/wp-content\/uploads\/2023\/09\/Logo-Blue-1.png","width":1005,"height":841,"caption":"Schreibers"},"image":{"@id":"https:\/\/www.schreibers.dk\/#\/schema\/logo\/image\/"}}]}},"_links":{"self":[{"href":"https:\/\/www.schreibers.dk\/en\/wp-json\/wp\/v2\/pages\/85","targetHints":{"allow":["GET"]}}],"collection":[{"href":"https:\/\/www.schreibers.dk\/en\/wp-json\/wp\/v2\/pages"}],"about":[{"href":"https:\/\/www.schreibers.dk\/en\/wp-json\/wp\/v2\/types\/page"}],"author":[{"embeddable":true,"href":"https:\/\/www.schreibers.dk\/en\/wp-json\/wp\/v2\/users\/4"}],"replies":[{"embeddable":true,"href":"https:\/\/www.schreibers.dk\/en\/wp-json\/wp\/v2\/comments?post=85"}],"version-history":[{"count":43,"href":"https:\/\/www.schreibers.dk\/en\/wp-json\/wp\/v2\/pages\/85\/revisions"}],"predecessor-version":[{"id":3319,"href":"https:\/\/www.schreibers.dk\/en\/wp-json\/wp\/v2\/pages\/85\/revisions\/3319"}],"up":[{"embeddable":true,"href":"https:\/\/www.schreibers.dk\/en\/wp-json\/wp\/v2\/pages\/59"}],"wp:attachment":[{"href":"https:\/\/www.schreibers.dk\/en\/wp-json\/wp\/v2\/media?parent=85"}],"curies":[{"name":"wp","href":"https:\/\/api.w.org\/{rel}","templated":true}]}}