{"id":2893,"date":"2024-08-20T13:23:05","date_gmt":"2024-08-20T11:23:05","guid":{"rendered":"https:\/\/www.schreibers.dk\/?page_id=2893"},"modified":"2024-08-20T14:58:51","modified_gmt":"2024-08-20T12:58:51","slug":"outlet","status":"publish","type":"page","link":"https:\/\/www.schreibers.dk\/en\/outlet\/","title":{"rendered":"Outlet"},"content":{"rendered":"<p><\/p>\n\n\n\n<p><\/p>\n\n\n\n<p><\/p>\n\n\n\n<p>Outlet af kasser i FSC &#8211; certificeret tr\u00e6 sm\u00e5 og store st\u00f8rrelser til en ekstra ordin\u00e6r god pris. <br>Priser er eksklusiv forsendelse. Der m\u00e5 ogs\u00e5 medregnes ekstra till\u00e6g for pakning ved mindre bestillinger.<br>Alle kasserne kan bejdset og Classic kasserne kan tilf\u00f8jes hank for en mindre mere pris.<\/p>\n\n\n\n<p>Skriv til <a href=\"mailto:gitte@schreibers.dk\">gitte@schreibers.dk<\/a> for bestilling og afklarende sp\u00f8rgsm\u00e5l.<\/p>\n\n\n\n<figure class=\"wp-block-image aligncenter size-full is-resized\"><img fetchpriority=\"high\" decoding=\"async\" width=\"541\" height=\"710\" src=\"https:\/\/www.schreibers.dk\/wp-content\/uploads\/2024\/08\/classic-kasse-1.jpg\" alt=\"\" class=\"wp-image-2901\" style=\"width:547px;height:auto\" srcset=\"https:\/\/www.schreibers.dk\/wp-content\/uploads\/2024\/08\/classic-kasse-1.jpg 541w, https:\/\/www.schreibers.dk\/wp-content\/uploads\/2024\/08\/classic-kasse-1-229x300.jpg 229w, https:\/\/www.schreibers.dk\/wp-content\/uploads\/2024\/08\/classic-kasse-1-9x12.jpg 9w\" sizes=\"(max-width: 541px) 100vw, 541px\" \/><\/figure>\n\n\n\n<figure class=\"wp-block-image aligncenter size-full is-resized\"><img decoding=\"async\" width=\"556\" height=\"751\" src=\"https:\/\/www.schreibers.dk\/wp-content\/uploads\/2024\/08\/alpha-kasse.jpg\" alt=\"\" class=\"wp-image-2904\" style=\"width:546px;height:auto\" srcset=\"https:\/\/www.schreibers.dk\/wp-content\/uploads\/2024\/08\/alpha-kasse.jpg 556w, https:\/\/www.schreibers.dk\/wp-content\/uploads\/2024\/08\/alpha-kasse-222x300.jpg 222w, https:\/\/www.schreibers.dk\/wp-content\/uploads\/2024\/08\/alpha-kasse-9x12.jpg 9w\" sizes=\"(max-width: 556px) 100vw, 556px\" \/><\/figure>\n\n\n\n<figure class=\"wp-block-image aligncenter size-full is-resized\"><img decoding=\"async\" width=\"444\" height=\"596\" src=\"https:\/\/www.schreibers.dk\/wp-content\/uploads\/2024\/08\/bacchus-kasse.jpg\" alt=\"\" class=\"wp-image-2906\" style=\"width:542px;height:auto\" srcset=\"https:\/\/www.schreibers.dk\/wp-content\/uploads\/2024\/08\/bacchus-kasse.jpg 444w, https:\/\/www.schreibers.dk\/wp-content\/uploads\/2024\/08\/bacchus-kasse-223x300.jpg 223w, https:\/\/www.schreibers.dk\/wp-content\/uploads\/2024\/08\/bacchus-kasse-9x12.jpg 9w\" sizes=\"(max-width: 444px) 100vw, 444px\" \/><\/figure>","protected":false},"excerpt":{"rendered":"<p>Outlet af kasser i FSC &#8211; certificeret tr\u00e6 sm\u00e5 og store st\u00f8rrelser til en ekstra ordin\u00e6r god pris. Priser er eksklusiv forsendelse. Der m\u00e5 ogs\u00e5 medregnes ekstra till\u00e6g for pakning ved mindre bestillinger.Alle kasserne kan bejdset og Classic kasserne kan tilf\u00f8jes hank for en mindre mere pris. Skriv til gitte@schreibers.dk for bestilling og afklarende sp\u00f8rgsm\u00e5l.<\/p>","protected":false},"author":3,"featured_media":0,"parent":0,"menu_order":0,"comment_status":"closed","ping_status":"closed","template":"","meta":{"footnotes":""},"class_list":["post-2893","page","type-page","status-publish","hentry"],"yoast_head":"<!-- This site is optimized with the Yoast SEO plugin v27.4 - https:\/\/yoast.com\/product\/yoast-seo-wordpress\/ -->\n<title>Outlet - Schreibers<\/title>\n<meta name=\"description\" content=\"Outlet af kasser i sm\u00e5 og store st\u00f8rrelser til en ekstra ordin\u00e6r god pris. Priser er eksklusiv forsendelse og pakning ved mindre bestillinger.\" \/>\n<meta name=\"robots\" content=\"index, follow, max-snippet:-1, max-image-preview:large, max-video-preview:-1\" \/>\n<link rel=\"canonical\" href=\"https:\/\/www.schreibers.dk\/en\/outlet\/\" \/>\n<meta property=\"og:locale\" content=\"en_GB\" \/>\n<meta property=\"og:type\" content=\"article\" \/>\n<meta property=\"og:title\" content=\"Outlet - Schreibers\" \/>\n<meta property=\"og:description\" content=\"Outlet af kasser i sm\u00e5 og store st\u00f8rrelser til en ekstra ordin\u00e6r god pris. Priser er eksklusiv forsendelse og pakning ved mindre bestillinger.\" \/>\n<meta property=\"og:url\" content=\"https:\/\/www.schreibers.dk\/en\/outlet\/\" \/>\n<meta property=\"og:site_name\" content=\"Schreibers\" \/>\n<meta property=\"article:modified_time\" content=\"2024-08-20T12:58:51+00:00\" \/>\n<meta property=\"og:image\" content=\"https:\/\/www.schreibers.dk\/wp-content\/uploads\/2024\/08\/classic-kasse-1.jpg\" \/>\n<meta name=\"twitter:card\" content=\"summary_large_image\" \/>\n<meta name=\"twitter:label1\" content=\"Estimated reading time\" \/>\n\t<meta name=\"twitter:data1\" content=\"1 minute\" \/>\n<script type=\"application\/ld+json\" class=\"yoast-schema-graph\">{\"@context\":\"https:\\\/\\\/schema.org\",\"@graph\":[{\"@type\":\"WebPage\",\"@id\":\"https:\\\/\\\/www.schreibers.dk\\\/outlet\\\/\",\"url\":\"https:\\\/\\\/www.schreibers.dk\\\/outlet\\\/\",\"name\":\"Outlet - Schreibers\",\"isPartOf\":{\"@id\":\"https:\\\/\\\/www.schreibers.dk\\\/#website\"},\"primaryImageOfPage\":{\"@id\":\"https:\\\/\\\/www.schreibers.dk\\\/outlet\\\/#primaryimage\"},\"image\":{\"@id\":\"https:\\\/\\\/www.schreibers.dk\\\/outlet\\\/#primaryimage\"},\"thumbnailUrl\":\"https:\\\/\\\/www.schreibers.dk\\\/wp-content\\\/uploads\\\/2024\\\/08\\\/classic-kasse-1.jpg\",\"datePublished\":\"2024-08-20T11:23:05+00:00\",\"dateModified\":\"2024-08-20T12:58:51+00:00\",\"description\":\"Outlet af kasser i sm\u00e5 og store st\u00f8rrelser til en ekstra ordin\u00e6r god pris. Priser er eksklusiv forsendelse og pakning ved mindre bestillinger.\",\"breadcrumb\":{\"@id\":\"https:\\\/\\\/www.schreibers.dk\\\/outlet\\\/#breadcrumb\"},\"inLanguage\":\"en-GB\",\"potentialAction\":[{\"@type\":\"ReadAction\",\"target\":[\"https:\\\/\\\/www.schreibers.dk\\\/outlet\\\/\"]}]},{\"@type\":\"ImageObject\",\"inLanguage\":\"en-GB\",\"@id\":\"https:\\\/\\\/www.schreibers.dk\\\/outlet\\\/#primaryimage\",\"url\":\"https:\\\/\\\/www.schreibers.dk\\\/wp-content\\\/uploads\\\/2024\\\/08\\\/classic-kasse-1.jpg\",\"contentUrl\":\"https:\\\/\\\/www.schreibers.dk\\\/wp-content\\\/uploads\\\/2024\\\/08\\\/classic-kasse-1.jpg\"},{\"@type\":\"BreadcrumbList\",\"@id\":\"https:\\\/\\\/www.schreibers.dk\\\/outlet\\\/#breadcrumb\",\"itemListElement\":[{\"@type\":\"ListItem\",\"position\":1,\"name\":\"Hjem\",\"item\":\"https:\\\/\\\/www.schreibers.dk\\\/\"},{\"@type\":\"ListItem\",\"position\":2,\"name\":\"Outlet\"}]},{\"@type\":\"WebSite\",\"@id\":\"https:\\\/\\\/www.schreibers.dk\\\/#website\",\"url\":\"https:\\\/\\\/www.schreibers.dk\\\/\",\"name\":\"Schreibers\",\"description\":\"\",\"publisher\":{\"@id\":\"https:\\\/\\\/www.schreibers.dk\\\/#organization\"},\"potentialAction\":[{\"@type\":\"SearchAction\",\"target\":{\"@type\":\"EntryPoint\",\"urlTemplate\":\"https:\\\/\\\/www.schreibers.dk\\\/?s={search_term_string}\"},\"query-input\":{\"@type\":\"PropertyValueSpecification\",\"valueRequired\":true,\"valueName\":\"search_term_string\"}}],\"inLanguage\":\"en-GB\"},{\"@type\":\"Organization\",\"@id\":\"https:\\\/\\\/www.schreibers.dk\\\/#organization\",\"name\":\"Schreibers\",\"url\":\"https:\\\/\\\/www.schreibers.dk\\\/\",\"logo\":{\"@type\":\"ImageObject\",\"inLanguage\":\"en-GB\",\"@id\":\"https:\\\/\\\/www.schreibers.dk\\\/#\\\/schema\\\/logo\\\/image\\\/\",\"url\":\"https:\\\/\\\/www.schreibers.dk\\\/wp-content\\\/uploads\\\/2023\\\/09\\\/Logo-Blue-1.png\",\"contentUrl\":\"https:\\\/\\\/www.schreibers.dk\\\/wp-content\\\/uploads\\\/2023\\\/09\\\/Logo-Blue-1.png\",\"width\":1005,\"height\":841,\"caption\":\"Schreibers\"},\"image\":{\"@id\":\"https:\\\/\\\/www.schreibers.dk\\\/#\\\/schema\\\/logo\\\/image\\\/\"}}]}<\/script>\n<!-- \/ Yoast SEO plugin. -->","yoast_head_json":{"title":"Outlet - Schreibers","description":"Outlet af kasser i sm\u00e5 og store st\u00f8rrelser til en ekstra ordin\u00e6r god pris. Priser er eksklusiv forsendelse og pakning ved mindre bestillinger.","robots":{"index":"index","follow":"follow","max-snippet":"max-snippet:-1","max-image-preview":"max-image-preview:large","max-video-preview":"max-video-preview:-1"},"canonical":"https:\/\/www.schreibers.dk\/en\/outlet\/","og_locale":"en_GB","og_type":"article","og_title":"Outlet - Schreibers","og_description":"Outlet af kasser i sm\u00e5 og store st\u00f8rrelser til en ekstra ordin\u00e6r god pris. Priser er eksklusiv forsendelse og pakning ved mindre bestillinger.","og_url":"https:\/\/www.schreibers.dk\/en\/outlet\/","og_site_name":"Schreibers","article_modified_time":"2024-08-20T12:58:51+00:00","og_image":[{"url":"https:\/\/www.schreibers.dk\/wp-content\/uploads\/2024\/08\/classic-kasse-1.jpg","type":"","width":"","height":""}],"twitter_card":"summary_large_image","twitter_misc":{"Estimated reading time":"1 minute"},"schema":{"@context":"https:\/\/schema.org","@graph":[{"@type":"WebPage","@id":"https:\/\/www.schreibers.dk\/outlet\/","url":"https:\/\/www.schreibers.dk\/outlet\/","name":"Outlet - Schreibers","isPartOf":{"@id":"https:\/\/www.schreibers.dk\/#website"},"primaryImageOfPage":{"@id":"https:\/\/www.schreibers.dk\/outlet\/#primaryimage"},"image":{"@id":"https:\/\/www.schreibers.dk\/outlet\/#primaryimage"},"thumbnailUrl":"https:\/\/www.schreibers.dk\/wp-content\/uploads\/2024\/08\/classic-kasse-1.jpg","datePublished":"2024-08-20T11:23:05+00:00","dateModified":"2024-08-20T12:58:51+00:00","description":"Outlet af kasser i sm\u00e5 og store st\u00f8rrelser til en ekstra ordin\u00e6r god pris. Priser er eksklusiv forsendelse og pakning ved mindre bestillinger.","breadcrumb":{"@id":"https:\/\/www.schreibers.dk\/outlet\/#breadcrumb"},"inLanguage":"en-GB","potentialAction":[{"@type":"ReadAction","target":["https:\/\/www.schreibers.dk\/outlet\/"]}]},{"@type":"ImageObject","inLanguage":"en-GB","@id":"https:\/\/www.schreibers.dk\/outlet\/#primaryimage","url":"https:\/\/www.schreibers.dk\/wp-content\/uploads\/2024\/08\/classic-kasse-1.jpg","contentUrl":"https:\/\/www.schreibers.dk\/wp-content\/uploads\/2024\/08\/classic-kasse-1.jpg"},{"@type":"BreadcrumbList","@id":"https:\/\/www.schreibers.dk\/outlet\/#breadcrumb","itemListElement":[{"@type":"ListItem","position":1,"name":"Hjem","item":"https:\/\/www.schreibers.dk\/"},{"@type":"ListItem","position":2,"name":"Outlet"}]},{"@type":"WebSite","@id":"https:\/\/www.schreibers.dk\/#website","url":"https:\/\/www.schreibers.dk\/","name":"Schreibers","description":"","publisher":{"@id":"https:\/\/www.schreibers.dk\/#organization"},"potentialAction":[{"@type":"SearchAction","target":{"@type":"EntryPoint","urlTemplate":"https:\/\/www.schreibers.dk\/?s={search_term_string}"},"query-input":{"@type":"PropertyValueSpecification","valueRequired":true,"valueName":"search_term_string"}}],"inLanguage":"en-GB"},{"@type":"Organization","@id":"https:\/\/www.schreibers.dk\/#organization","name":"Schreibers","url":"https:\/\/www.schreibers.dk\/","logo":{"@type":"ImageObject","inLanguage":"en-GB","@id":"https:\/\/www.schreibers.dk\/#\/schema\/logo\/image\/","url":"https:\/\/www.schreibers.dk\/wp-content\/uploads\/2023\/09\/Logo-Blue-1.png","contentUrl":"https:\/\/www.schreibers.dk\/wp-content\/uploads\/2023\/09\/Logo-Blue-1.png","width":1005,"height":841,"caption":"Schreibers"},"image":{"@id":"https:\/\/www.schreibers.dk\/#\/schema\/logo\/image\/"}}]}},"_links":{"self":[{"href":"https:\/\/www.schreibers.dk\/en\/wp-json\/wp\/v2\/pages\/2893","targetHints":{"allow":["GET"]}}],"collection":[{"href":"https:\/\/www.schreibers.dk\/en\/wp-json\/wp\/v2\/pages"}],"about":[{"href":"https:\/\/www.schreibers.dk\/en\/wp-json\/wp\/v2\/types\/page"}],"author":[{"embeddable":true,"href":"https:\/\/www.schreibers.dk\/en\/wp-json\/wp\/v2\/users\/3"}],"replies":[{"embeddable":true,"href":"https:\/\/www.schreibers.dk\/en\/wp-json\/wp\/v2\/comments?post=2893"}],"version-history":[{"count":8,"href":"https:\/\/www.schreibers.dk\/en\/wp-json\/wp\/v2\/pages\/2893\/revisions"}],"predecessor-version":[{"id":2912,"href":"https:\/\/www.schreibers.dk\/en\/wp-json\/wp\/v2\/pages\/2893\/revisions\/2912"}],"wp:attachment":[{"href":"https:\/\/www.schreibers.dk\/en\/wp-json\/wp\/v2\/media?parent=2893"}],"curies":[{"name":"wp","href":"https:\/\/api.w.org\/{rel}","templated":true}]}}