{"id":1461,"date":"2023-09-14T10:31:46","date_gmt":"2023-09-14T10:31:46","guid":{"rendered":"http:\/\/schreibers.dk\/?page_id=1461"},"modified":"2025-07-03T14:28:57","modified_gmt":"2025-07-03T12:28:57","slug":"bejdsetyper","status":"publish","type":"page","link":"https:\/\/www.schreibers.dk\/en\/design\/diverse\/bejdsetyper\/","title":{"rendered":"Stain"},"content":{"rendered":"<div data-elementor-type=\"wp-page\" data-elementor-id=\"1461\" class=\"elementor elementor-1461\" data-elementor-post-type=\"page\">\n\t\t\t\t<div class=\"elementor-element elementor-element-f7c6198 e-flex e-con-boxed e-con e-parent\" data-id=\"f7c6198\" data-element_type=\"container\" data-e-type=\"container\" data-settings=\"{&quot;background_background&quot;:&quot;classic&quot;}\">\n\t\t\t\t\t<div class=\"e-con-inner\">\n\t\t\t\t<div class=\"elementor-element elementor-element-e01fbf9 elementor-widget elementor-widget-heading\" data-id=\"e01fbf9\" data-element_type=\"widget\" data-e-type=\"widget\" data-widget_type=\"heading.default\">\n\t\t\t\t<div class=\"elementor-widget-container\">\n\t\t\t\t\t<h1 class=\"elementor-heading-title elementor-size-default\">Bejdse til tr\u00e6kasser og displays<\/h1>\t\t\t\t<\/div>\n\t\t\t\t<\/div>\n\t\t\t\t\t<\/div>\n\t\t\t\t<\/div>\n\t\t<div class=\"elementor-element elementor-element-f52c7e5 e-flex e-con-boxed e-con e-parent\" data-id=\"f52c7e5\" data-element_type=\"container\" data-e-type=\"container\">\n\t\t\t\t\t<div class=\"e-con-inner\">\n\t\t<div class=\"elementor-element elementor-element-9599ba2 e-flex e-con-boxed e-con e-child\" data-id=\"9599ba2\" data-element_type=\"container\" data-e-type=\"container\" data-settings=\"{&quot;background_background&quot;:&quot;classic&quot;}\">\n\t\t\t\t\t<div class=\"e-con-inner\">\n\t\t\t\t<div class=\"elementor-element elementor-element-650eb00 elementor-widget elementor-widget-heading\" data-id=\"650eb00\" data-element_type=\"widget\" data-e-type=\"widget\" data-widget_type=\"heading.default\">\n\t\t\t\t<div class=\"elementor-widget-container\">\n\t\t\t\t\t<h2 class=\"elementor-heading-title elementor-size-default\">V\u00e6lg den rette bejdse til dine tr\u00e6kasser og displays<\/h2>\t\t\t\t<\/div>\n\t\t\t\t<\/div>\n\t\t\t\t<div class=\"elementor-element elementor-element-38de559 elementor-widget elementor-widget-spacer\" data-id=\"38de559\" data-element_type=\"widget\" data-e-type=\"widget\" data-widget_type=\"spacer.default\">\n\t\t\t\t<div class=\"elementor-widget-container\">\n\t\t\t\t\t\t\t<div class=\"elementor-spacer\">\n\t\t\t<div class=\"elementor-spacer-inner\"><\/div>\n\t\t<\/div>\n\t\t\t\t\t\t<\/div>\n\t\t\t\t<\/div>\n\t\t\t\t<div class=\"elementor-element elementor-element-b56922e elementor-widget-divider--view-line elementor-widget elementor-widget-divider\" data-id=\"b56922e\" data-element_type=\"widget\" data-e-type=\"widget\" data-widget_type=\"divider.default\">\n\t\t\t\t<div class=\"elementor-widget-container\">\n\t\t\t\t\t\t\t<div class=\"elementor-divider\">\n\t\t\t<span class=\"elementor-divider-separator\">\n\t\t\t\t\t\t<\/span>\n\t\t<\/div>\n\t\t\t\t\t\t<\/div>\n\t\t\t\t<\/div>\n\t\t<div class=\"elementor-element elementor-element-81ecf99 e-grid e-con-boxed e-con e-child\" data-id=\"81ecf99\" data-element_type=\"container\" data-e-type=\"container\">\n\t\t\t\t\t<div class=\"e-con-inner\">\n\t\t<div class=\"elementor-element elementor-element-5dbcf0d e-con-full e-flex e-con e-child\" data-id=\"5dbcf0d\" data-element_type=\"container\" data-e-type=\"container\" data-settings=\"{&quot;background_background&quot;:&quot;classic&quot;}\">\n\t\t\t\t<div class=\"elementor-element elementor-element-5e8ed50 elementor-flip-box--effect-fade elementor-widget elementor-widget-flip-box\" data-id=\"5e8ed50\" data-element_type=\"widget\" data-e-type=\"widget\" data-widget_type=\"flip-box.default\">\n\t\t\t\t<div class=\"elementor-widget-container\">\n\t\t\t\t\t\t\t<div class=\"elementor-flip-box\" tabindex=\"0\">\n\t\t\t<div class=\"elementor-flip-box__layer elementor-flip-box__front\">\n\t\t\t\t<div class=\"elementor-flip-box__layer__overlay\">\n\t\t\t\t\t<div class=\"elementor-flip-box__layer__inner\">\n\t\t\t\t\t\t\n\t\t\t\t\t\t\n\t\t\t\t\t\t\t\t\t\t\t<\/div>\n\t\t\t\t<\/div>\n\t\t\t<\/div>\n\t\t\t<div class=\"elementor-flip-box__layer elementor-flip-box__back\">\n\t\t\t<div class=\"elementor-flip-box__layer__overlay\">\n\t\t\t\t<div class=\"elementor-flip-box__layer__inner\">\n\t\t\t\t\t\n\t\t\t\t\t\n\t\t\t\t\t\t\t\t<\/div>\n\t\t<\/div>\n\t\t<\/div>\n\t\t<\/div>\n\t\t\t\t\t\t<\/div>\n\t\t\t\t<\/div>\n\t\t<div class=\"elementor-element elementor-element-8e382b1 e-flex e-con-boxed e-con e-child\" data-id=\"8e382b1\" data-element_type=\"container\" data-e-type=\"container\" data-settings=\"{&quot;background_background&quot;:&quot;classic&quot;}\">\n\t\t\t\t\t<div class=\"e-con-inner\">\n\t\t\t\t<div class=\"elementor-element elementor-element-21e7b7e elementor-widget elementor-widget-heading\" data-id=\"21e7b7e\" data-element_type=\"widget\" data-e-type=\"widget\" data-widget_type=\"heading.default\">\n\t\t\t\t<div class=\"elementor-widget-container\">\n\t\t\t\t\t<h2 class=\"elementor-heading-title elementor-size-default\">Grey<\/h2>\t\t\t\t<\/div>\n\t\t\t\t<\/div>\n\t\t\t\t<div class=\"elementor-element elementor-element-d87554e elementor-widget elementor-widget-text-editor\" data-id=\"d87554e\" data-element_type=\"widget\" data-e-type=\"widget\" data-widget_type=\"text-editor.default\">\n\t\t\t\t<div class=\"elementor-widget-container\">\n\t\t\t\t\t\t\t\t\t<p><strong data-start=\"66\" data-end=\"80\">Gr\u00e5 bejdse<\/strong><br data-start=\"80\" data-end=\"83\" \/>En transparent gr\u00e5 bejdse, der fremh\u00e6ver tr\u00e6ets naturlige \u00e5retegninger og struktur. Ideel til dig, der \u00f8nsker et rustikt og stilrent udtryk i dine tr\u00e6kasser eller displays.<\/p>\t\t\t\t\t\t\t\t<\/div>\n\t\t\t\t<\/div>\n\t\t\t\t\t<\/div>\n\t\t\t\t<\/div>\n\t\t\t\t<\/div>\n\t\t<div class=\"elementor-element elementor-element-2057b7b e-con-full e-flex e-con e-child\" data-id=\"2057b7b\" data-element_type=\"container\" data-e-type=\"container\" data-settings=\"{&quot;background_background&quot;:&quot;classic&quot;}\">\n\t\t\t\t<div class=\"elementor-element elementor-element-49d4cf6 elementor-flip-box--effect-fade elementor-widget elementor-widget-flip-box\" data-id=\"49d4cf6\" data-element_type=\"widget\" data-e-type=\"widget\" data-widget_type=\"flip-box.default\">\n\t\t\t\t<div class=\"elementor-widget-container\">\n\t\t\t\t\t\t\t<div class=\"elementor-flip-box\" tabindex=\"0\">\n\t\t\t<div class=\"elementor-flip-box__layer elementor-flip-box__front\">\n\t\t\t\t<div class=\"elementor-flip-box__layer__overlay\">\n\t\t\t\t\t<div class=\"elementor-flip-box__layer__inner\">\n\t\t\t\t\t\t\n\t\t\t\t\t\t\n\t\t\t\t\t\t\t\t\t\t\t<\/div>\n\t\t\t\t<\/div>\n\t\t\t<\/div>\n\t\t\t<div class=\"elementor-flip-box__layer elementor-flip-box__back\">\n\t\t\t<div class=\"elementor-flip-box__layer__overlay\">\n\t\t\t\t<div class=\"elementor-flip-box__layer__inner\">\n\t\t\t\t\t\n\t\t\t\t\t\n\t\t\t\t\t\t\t\t<\/div>\n\t\t<\/div>\n\t\t<\/div>\n\t\t<\/div>\n\t\t\t\t\t\t<\/div>\n\t\t\t\t<\/div>\n\t\t<div class=\"elementor-element elementor-element-db7c2d6 e-flex e-con-boxed e-con e-child\" data-id=\"db7c2d6\" data-element_type=\"container\" data-e-type=\"container\" data-settings=\"{&quot;background_background&quot;:&quot;classic&quot;}\">\n\t\t\t\t\t<div class=\"e-con-inner\">\n\t\t\t\t<div class=\"elementor-element elementor-element-c5b106a elementor-widget elementor-widget-heading\" data-id=\"c5b106a\" data-element_type=\"widget\" data-e-type=\"widget\" data-widget_type=\"heading.default\">\n\t\t\t\t<div class=\"elementor-widget-container\">\n\t\t\t\t\t<h2 class=\"elementor-heading-title elementor-size-default\">Black<\/h2>\t\t\t\t<\/div>\n\t\t\t\t<\/div>\n\t\t\t\t<div class=\"elementor-element elementor-element-ea356fe elementor-widget elementor-widget-text-editor\" data-id=\"ea356fe\" data-element_type=\"widget\" data-e-type=\"widget\" data-widget_type=\"text-editor.default\">\n\t\t\t\t<div class=\"elementor-widget-container\">\n\t\t\t\t\t\t\t\t\t<p><strong data-start=\"123\" data-end=\"138\">Sort bejdse<\/strong><br data-start=\"138\" data-end=\"141\" \/>En dyb sort bejdse med h\u00f8j d\u00e6kkeevne, der stadig lader tr\u00e6ets struktur og \u00e5retegninger skinne igennem. Giver dine tr\u00e6kasser og displays et elegant og moderne look med kant.<\/p>\t\t\t\t\t\t\t\t<\/div>\n\t\t\t\t<\/div>\n\t\t\t\t\t<\/div>\n\t\t\t\t<\/div>\n\t\t\t\t<\/div>\n\t\t<div class=\"elementor-element elementor-element-3f2eda2 e-con-full e-flex e-con e-child\" data-id=\"3f2eda2\" data-element_type=\"container\" data-e-type=\"container\" data-settings=\"{&quot;background_background&quot;:&quot;classic&quot;}\">\n\t\t\t\t<div class=\"elementor-element elementor-element-7784394 elementor-flip-box--effect-fade elementor-widget elementor-widget-flip-box\" data-id=\"7784394\" data-element_type=\"widget\" data-e-type=\"widget\" data-widget_type=\"flip-box.default\">\n\t\t\t\t<div class=\"elementor-widget-container\">\n\t\t\t\t\t\t\t<div class=\"elementor-flip-box\" tabindex=\"0\">\n\t\t\t<div class=\"elementor-flip-box__layer elementor-flip-box__front\">\n\t\t\t\t<div class=\"elementor-flip-box__layer__overlay\">\n\t\t\t\t\t<div class=\"elementor-flip-box__layer__inner\">\n\t\t\t\t\t\t\n\t\t\t\t\t\t\n\t\t\t\t\t\t\t\t\t\t\t<\/div>\n\t\t\t\t<\/div>\n\t\t\t<\/div>\n\t\t\t<div class=\"elementor-flip-box__layer elementor-flip-box__back\">\n\t\t\t<div class=\"elementor-flip-box__layer__overlay\">\n\t\t\t\t<div class=\"elementor-flip-box__layer__inner\">\n\t\t\t\t\t\n\t\t\t\t\t\n\t\t\t\t\t\t\t\t<\/div>\n\t\t<\/div>\n\t\t<\/div>\n\t\t<\/div>\n\t\t\t\t\t\t<\/div>\n\t\t\t\t<\/div>\n\t\t<div class=\"elementor-element elementor-element-9f43c9a e-flex e-con-boxed e-con e-child\" data-id=\"9f43c9a\" data-element_type=\"container\" data-e-type=\"container\" data-settings=\"{&quot;background_background&quot;:&quot;classic&quot;}\">\n\t\t\t\t\t<div class=\"e-con-inner\">\n\t\t\t\t<div class=\"elementor-element elementor-element-bce9bea elementor-widget elementor-widget-heading\" data-id=\"bce9bea\" data-element_type=\"widget\" data-e-type=\"widget\" data-widget_type=\"heading.default\">\n\t\t\t\t<div class=\"elementor-widget-container\">\n\t\t\t\t\t<h2 class=\"elementor-heading-title elementor-size-default\">Brown<\/h2>\t\t\t\t<\/div>\n\t\t\t\t<\/div>\n\t\t\t\t<div class=\"elementor-element elementor-element-45cf9ac elementor-widget elementor-widget-text-editor\" data-id=\"45cf9ac\" data-element_type=\"widget\" data-e-type=\"widget\" data-widget_type=\"text-editor.default\">\n\t\t\t\t<div class=\"elementor-widget-container\">\n\t\t\t\t\t\t\t\t\t<p><strong data-start=\"81\" data-end=\"96\">Brun bejdse<\/strong><br data-start=\"96\" data-end=\"99\" \/>En varm og gylden bejdse, der giver dybde og gl\u00f8d til tr\u00e6et. Den brune tone fremh\u00e6ver elegant tr\u00e6ets naturlige struktur og skaber et klassisk, indbydende udtryk.<\/p>\t\t\t\t\t\t\t\t<\/div>\n\t\t\t\t<\/div>\n\t\t\t\t\t<\/div>\n\t\t\t\t<\/div>\n\t\t\t\t<\/div>\n\t\t\t\t\t<\/div>\n\t\t\t\t<\/div>\n\t\t\t\t\t<\/div>\n\t\t\t\t<\/div>\n\t\t\t\t\t<\/div>\n\t\t\t\t<\/div>\n\t\t\t\t<\/div>","protected":false},"excerpt":{"rendered":"<p>Bejdse til tr\u00e6kasser og displays V\u00e6lg den rette bejdse til dine tr\u00e6kasser og displays Gr\u00e5 Gr\u00e5 bejdseEn transparent gr\u00e5 bejdse, der fremh\u00e6ver tr\u00e6ets naturlige \u00e5retegninger og struktur. Ideel til dig, der \u00f8nsker et rustikt og stilrent udtryk i dine tr\u00e6kasser eller displays. Sort Sort bejdseEn dyb sort bejdse med h\u00f8j d\u00e6kkeevne, der stadig lader tr\u00e6ets [&hellip;]<\/p>\n","protected":false},"author":4,"featured_media":0,"parent":106,"menu_order":0,"comment_status":"closed","ping_status":"closed","template":"","meta":{"footnotes":""},"class_list":["post-1461","page","type-page","status-publish","hentry"],"yoast_head":"<!-- This site is optimized with the Yoast SEO plugin v27.2 - https:\/\/yoast.com\/product\/yoast-seo-wordpress\/ -->\n<title>Bejdsetyper - Schreibers<\/title>\n<meta name=\"robots\" content=\"index, follow, max-snippet:-1, max-image-preview:large, max-video-preview:-1\" \/>\n<link rel=\"canonical\" href=\"https:\/\/www.schreibers.dk\/en\/design\/diverse\/bejdsetyper\/\" \/>\n<meta property=\"og:locale\" content=\"en_GB\" \/>\n<meta property=\"og:type\" content=\"article\" \/>\n<meta property=\"og:title\" content=\"Bejdsetyper - Schreibers\" \/>\n<meta property=\"og:description\" content=\"Bejdse til tr\u00e6kasser og displays V\u00e6lg den rette bejdse til dine tr\u00e6kasser og displays Gr\u00e5 Gr\u00e5 bejdseEn transparent gr\u00e5 bejdse, der fremh\u00e6ver tr\u00e6ets naturlige \u00e5retegninger og struktur. Ideel til dig, der \u00f8nsker et rustikt og stilrent udtryk i dine tr\u00e6kasser eller displays. Sort Sort bejdseEn dyb sort bejdse med h\u00f8j d\u00e6kkeevne, der stadig lader tr\u00e6ets [&hellip;]\" \/>\n<meta property=\"og:url\" content=\"https:\/\/www.schreibers.dk\/en\/design\/diverse\/bejdsetyper\/\" \/>\n<meta property=\"og:site_name\" content=\"Schreibers\" \/>\n<meta property=\"article:modified_time\" content=\"2025-07-03T12:28:57+00:00\" \/>\n<meta name=\"twitter:card\" content=\"summary_large_image\" \/>\n<meta name=\"twitter:label1\" content=\"Estimated reading time\" \/>\n\t<meta name=\"twitter:data1\" content=\"1 minute\" \/>\n<script type=\"application\/ld+json\" class=\"yoast-schema-graph\">{\"@context\":\"https:\/\/schema.org\",\"@graph\":[{\"@type\":\"WebPage\",\"@id\":\"https:\/\/www.schreibers.dk\/design\/diverse\/bejdsetyper\/\",\"url\":\"https:\/\/www.schreibers.dk\/design\/diverse\/bejdsetyper\/\",\"name\":\"Bejdsetyper - Schreibers\",\"isPartOf\":{\"@id\":\"https:\/\/www.schreibers.dk\/#website\"},\"datePublished\":\"2023-09-14T10:31:46+00:00\",\"dateModified\":\"2025-07-03T12:28:57+00:00\",\"breadcrumb\":{\"@id\":\"https:\/\/www.schreibers.dk\/design\/diverse\/bejdsetyper\/#breadcrumb\"},\"inLanguage\":\"en-GB\",\"potentialAction\":[{\"@type\":\"ReadAction\",\"target\":[\"https:\/\/www.schreibers.dk\/design\/diverse\/bejdsetyper\/\"]}]},{\"@type\":\"BreadcrumbList\",\"@id\":\"https:\/\/www.schreibers.dk\/design\/diverse\/bejdsetyper\/#breadcrumb\",\"itemListElement\":[{\"@type\":\"ListItem\",\"position\":1,\"name\":\"Hjem\",\"item\":\"https:\/\/www.schreibers.dk\/\"},{\"@type\":\"ListItem\",\"position\":2,\"name\":\"Design\",\"item\":\"https:\/\/www.schreibers.dk\/design\/\"},{\"@type\":\"ListItem\",\"position\":3,\"name\":\"Diverse\",\"item\":\"https:\/\/www.schreibers.dk\/design\/diverse\/\"},{\"@type\":\"ListItem\",\"position\":4,\"name\":\"Bejdsetyper\"}]},{\"@type\":\"WebSite\",\"@id\":\"https:\/\/www.schreibers.dk\/#website\",\"url\":\"https:\/\/www.schreibers.dk\/\",\"name\":\"Schreibers\",\"description\":\"\",\"publisher\":{\"@id\":\"https:\/\/www.schreibers.dk\/#organization\"},\"potentialAction\":[{\"@type\":\"SearchAction\",\"target\":{\"@type\":\"EntryPoint\",\"urlTemplate\":\"https:\/\/www.schreibers.dk\/?s={search_term_string}\"},\"query-input\":{\"@type\":\"PropertyValueSpecification\",\"valueRequired\":true,\"valueName\":\"search_term_string\"}}],\"inLanguage\":\"en-GB\"},{\"@type\":\"Organization\",\"@id\":\"https:\/\/www.schreibers.dk\/#organization\",\"name\":\"Schreibers\",\"url\":\"https:\/\/www.schreibers.dk\/\",\"logo\":{\"@type\":\"ImageObject\",\"inLanguage\":\"en-GB\",\"@id\":\"https:\/\/www.schreibers.dk\/#\/schema\/logo\/image\/\",\"url\":\"https:\/\/www.schreibers.dk\/wp-content\/uploads\/2023\/09\/Logo-Blue-1.png\",\"contentUrl\":\"https:\/\/www.schreibers.dk\/wp-content\/uploads\/2023\/09\/Logo-Blue-1.png\",\"width\":1005,\"height\":841,\"caption\":\"Schreibers\"},\"image\":{\"@id\":\"https:\/\/www.schreibers.dk\/#\/schema\/logo\/image\/\"}}]}<\/script>\n<!-- \/ Yoast SEO plugin. -->","yoast_head_json":{"title":"Bejdsetyper - Schreibers","robots":{"index":"index","follow":"follow","max-snippet":"max-snippet:-1","max-image-preview":"max-image-preview:large","max-video-preview":"max-video-preview:-1"},"canonical":"https:\/\/www.schreibers.dk\/en\/design\/diverse\/bejdsetyper\/","og_locale":"en_GB","og_type":"article","og_title":"Bejdsetyper - Schreibers","og_description":"Bejdse til tr\u00e6kasser og displays V\u00e6lg den rette bejdse til dine tr\u00e6kasser og displays Gr\u00e5 Gr\u00e5 bejdseEn transparent gr\u00e5 bejdse, der fremh\u00e6ver tr\u00e6ets naturlige \u00e5retegninger og struktur. Ideel til dig, der \u00f8nsker et rustikt og stilrent udtryk i dine tr\u00e6kasser eller displays. Sort Sort bejdseEn dyb sort bejdse med h\u00f8j d\u00e6kkeevne, der stadig lader tr\u00e6ets [&hellip;]","og_url":"https:\/\/www.schreibers.dk\/en\/design\/diverse\/bejdsetyper\/","og_site_name":"Schreibers","article_modified_time":"2025-07-03T12:28:57+00:00","twitter_card":"summary_large_image","twitter_misc":{"Estimated reading time":"1 minute"},"schema":{"@context":"https:\/\/schema.org","@graph":[{"@type":"WebPage","@id":"https:\/\/www.schreibers.dk\/design\/diverse\/bejdsetyper\/","url":"https:\/\/www.schreibers.dk\/design\/diverse\/bejdsetyper\/","name":"Bejdsetyper - Schreibers","isPartOf":{"@id":"https:\/\/www.schreibers.dk\/#website"},"datePublished":"2023-09-14T10:31:46+00:00","dateModified":"2025-07-03T12:28:57+00:00","breadcrumb":{"@id":"https:\/\/www.schreibers.dk\/design\/diverse\/bejdsetyper\/#breadcrumb"},"inLanguage":"en-GB","potentialAction":[{"@type":"ReadAction","target":["https:\/\/www.schreibers.dk\/design\/diverse\/bejdsetyper\/"]}]},{"@type":"BreadcrumbList","@id":"https:\/\/www.schreibers.dk\/design\/diverse\/bejdsetyper\/#breadcrumb","itemListElement":[{"@type":"ListItem","position":1,"name":"Hjem","item":"https:\/\/www.schreibers.dk\/"},{"@type":"ListItem","position":2,"name":"Design","item":"https:\/\/www.schreibers.dk\/design\/"},{"@type":"ListItem","position":3,"name":"Diverse","item":"https:\/\/www.schreibers.dk\/design\/diverse\/"},{"@type":"ListItem","position":4,"name":"Bejdsetyper"}]},{"@type":"WebSite","@id":"https:\/\/www.schreibers.dk\/#website","url":"https:\/\/www.schreibers.dk\/","name":"Schreibers","description":"","publisher":{"@id":"https:\/\/www.schreibers.dk\/#organization"},"potentialAction":[{"@type":"SearchAction","target":{"@type":"EntryPoint","urlTemplate":"https:\/\/www.schreibers.dk\/?s={search_term_string}"},"query-input":{"@type":"PropertyValueSpecification","valueRequired":true,"valueName":"search_term_string"}}],"inLanguage":"en-GB"},{"@type":"Organization","@id":"https:\/\/www.schreibers.dk\/#organization","name":"Schreibers","url":"https:\/\/www.schreibers.dk\/","logo":{"@type":"ImageObject","inLanguage":"en-GB","@id":"https:\/\/www.schreibers.dk\/#\/schema\/logo\/image\/","url":"https:\/\/www.schreibers.dk\/wp-content\/uploads\/2023\/09\/Logo-Blue-1.png","contentUrl":"https:\/\/www.schreibers.dk\/wp-content\/uploads\/2023\/09\/Logo-Blue-1.png","width":1005,"height":841,"caption":"Schreibers"},"image":{"@id":"https:\/\/www.schreibers.dk\/#\/schema\/logo\/image\/"}}]}},"_links":{"self":[{"href":"https:\/\/www.schreibers.dk\/en\/wp-json\/wp\/v2\/pages\/1461","targetHints":{"allow":["GET"]}}],"collection":[{"href":"https:\/\/www.schreibers.dk\/en\/wp-json\/wp\/v2\/pages"}],"about":[{"href":"https:\/\/www.schreibers.dk\/en\/wp-json\/wp\/v2\/types\/page"}],"author":[{"embeddable":true,"href":"https:\/\/www.schreibers.dk\/en\/wp-json\/wp\/v2\/users\/4"}],"replies":[{"embeddable":true,"href":"https:\/\/www.schreibers.dk\/en\/wp-json\/wp\/v2\/comments?post=1461"}],"version-history":[{"count":28,"href":"https:\/\/www.schreibers.dk\/en\/wp-json\/wp\/v2\/pages\/1461\/revisions"}],"predecessor-version":[{"id":3174,"href":"https:\/\/www.schreibers.dk\/en\/wp-json\/wp\/v2\/pages\/1461\/revisions\/3174"}],"up":[{"embeddable":true,"href":"https:\/\/www.schreibers.dk\/en\/wp-json\/wp\/v2\/pages\/106"}],"wp:attachment":[{"href":"https:\/\/www.schreibers.dk\/en\/wp-json\/wp\/v2\/media?parent=1461"}],"curies":[{"name":"wp","href":"https:\/\/api.w.org\/{rel}","templated":true}]}}